{"id":29846,"date":"2025-04-25T10:29:45","date_gmt":"2025-04-25T09:29:45","guid":{"rendered":"https:\/\/micasaeco.es\/?post_type=product&#038;p=29846"},"modified":"2026-04-17T16:02:36","modified_gmt":"2026-04-17T15:02:36","slug":"chaisslong-chelsea-295cm-2-reclinables-electricos","status":"publish","type":"product","link":"https:\/\/micasaeco.es\/?product=chaisslong-chelsea-295cm-2-reclinables-electricos","title":{"rendered":"Chaisslong CHELSEA 295cm 2 reclinables el\u00e9ctricos"},"content":{"rendered":"<p><span style=\"font-size: 14pt;\">Chaisslong modelo CHELSEA 295cm x 155cm<\/span><\/p>\n<p><span style=\"font-size: 14pt;\">Asientos reclinables el\u00e9ctricos. Arc\u00f3n en el brazo de la chaiss.<\/span><\/p>\n<p><span style=\"font-size: 14pt;\">Tela acualine \u00faltima generac\u00edon de f\u00e1cil limpieza.<\/span><\/p>\n<p><span style=\"font-size: 14pt;\">Armaz\u00f3n de madera y tablero.<br \/>\n<\/span><\/p>\n","protected":false},"excerpt":{"rendered":"<p><span style=\"font-size: 14pt;\">Chaisslong 4 plazas CHELSEA color gris<\/span><\/p>\n<p><span style=\"font-size: 14pt;\">2 asientos reclinables el\u00e9ctricos.<\/span><\/p>\n<p><span style=\"font-size: 14pt;\">Medidas total 295cm x 155cm<\/span><\/p>\n<p><span style=\"font-size: 14pt;\">Entrega inmediata<\/span><\/p>\n","protected":false},"featured_media":29847,"template":"","meta":{"_joinchat":[]},"product_brand":[],"product_cat":[704,706,700],"product_tag":[800,859],"class_list":{"0":"post-29846","1":"product","2":"type-product","3":"status-publish","4":"has-post-thumbnail","6":"product_cat-chaiselongues","7":"product_cat-reclinables","8":"product_cat-sofas-y-tapizados","9":"product_tag-4-plazas","10":"product_tag-asientos-extraibles","12":"first","13":"instock","14":"sale","15":"taxable","16":"shipping-taxable","17":"purchasable","18":"product-type-simple"},"_links":{"self":[{"href":"https:\/\/micasaeco.es\/index.php?rest_route=\/wp\/v2\/product\/29846","targetHints":{"allow":["GET"]}}],"collection":[{"href":"https:\/\/micasaeco.es\/index.php?rest_route=\/wp\/v2\/product"}],"about":[{"href":"https:\/\/micasaeco.es\/index.php?rest_route=\/wp\/v2\/types\/product"}],"version-history":[{"count":2,"href":"https:\/\/micasaeco.es\/index.php?rest_route=\/wp\/v2\/product\/29846\/revisions"}],"predecessor-version":[{"id":29849,"href":"https:\/\/micasaeco.es\/index.php?rest_route=\/wp\/v2\/product\/29846\/revisions\/29849"}],"wp:featuredmedia":[{"embeddable":true,"href":"https:\/\/micasaeco.es\/index.php?rest_route=\/wp\/v2\/media\/29847"}],"wp:attachment":[{"href":"https:\/\/micasaeco.es\/index.php?rest_route=%2Fwp%2Fv2%2Fmedia&parent=29846"}],"wp:term":[{"taxonomy":"product_brand","embeddable":true,"href":"https:\/\/micasaeco.es\/index.php?rest_route=%2Fwp%2Fv2%2Fproduct_brand&post=29846"},{"taxonomy":"product_cat","embeddable":true,"href":"https:\/\/micasaeco.es\/index.php?rest_route=%2Fwp%2Fv2%2Fproduct_cat&post=29846"},{"taxonomy":"product_tag","embeddable":true,"href":"https:\/\/micasaeco.es\/index.php?rest_route=%2Fwp%2Fv2%2Fproduct_tag&post=29846"}],"curies":[{"name":"wp","href":"https:\/\/api.w.org\/{rel}","templated":true}]}}