{"id":29832,"date":"2025-04-09T10:44:27","date_gmt":"2025-04-09T09:44:27","guid":{"rendered":"https:\/\/micasaeco.es\/?post_type=product&#038;p=29832"},"modified":"2026-04-17T16:02:42","modified_gmt":"2026-04-17T15:02:42","slug":"chaisslong-versalles-285cm-chaiss-xl","status":"publish","type":"product","link":"https:\/\/micasaeco.es\/?product=chaisslong-versalles-285cm-chaiss-xl","title":{"rendered":"Chaisslong VERSALLES 285cm chaiss XL"},"content":{"rendered":"<p><span style=\"font-size: 14pt;\">Chaisslong modelo VERSALLES 285cm<\/span><\/p>\n<p><span style=\"font-size: 14pt;\">Asientos extraibles de carro con ruedas; respaldos reclinables<\/span><\/p>\n<p><span style=\"font-size: 14pt;\">Tela acualine \u00faltima generac\u00edon de f\u00e1cil limpieza.<\/span><\/p>\n<p><span style=\"font-size: 14pt;\">Medidas total 285cm x 180cm.<\/span><\/p>\n<p><span style=\"font-size: 14pt;\">Armaz\u00f3n de madera y tablero.<br \/>\n<\/span><\/p>\n","protected":false},"excerpt":{"rendered":"<p><span style=\"font-size: 14pt;\">Chaisslong 4 plazas VERSALLES color beig<\/span><\/p>\n<p><span style=\"font-size: 14pt;\">Tumbona chaiss tama\u00f1o XL<\/span><\/p>\n<p><span style=\"font-size: 14pt;\">Medidas total 285cm (3 asientos) x 180cm<\/span><\/p>\n<p><span style=\"font-size: 14pt;\">Entrega inmediata<\/span><\/p>\n","protected":false},"featured_media":29837,"template":"","meta":{"_joinchat":[]},"product_brand":[],"product_cat":[704,700],"product_tag":[800,859],"class_list":{"0":"post-29832","1":"product","2":"type-product","3":"status-publish","4":"has-post-thumbnail","6":"product_cat-chaiselongues","7":"product_cat-sofas-y-tapizados","8":"product_tag-4-plazas","9":"product_tag-asientos-extraibles","10":"pa_sentido-chaisslong-derecha-mirando-de-frente","11":"pa_sentido-chaisslong-izquierda-mirando-de-frente","13":"first","14":"instock","15":"sale","16":"taxable","17":"shipping-taxable","18":"purchasable","19":"product-type-simple"},"_links":{"self":[{"href":"https:\/\/micasaeco.es\/index.php?rest_route=\/wp\/v2\/product\/29832","targetHints":{"allow":["GET"]}}],"collection":[{"href":"https:\/\/micasaeco.es\/index.php?rest_route=\/wp\/v2\/product"}],"about":[{"href":"https:\/\/micasaeco.es\/index.php?rest_route=\/wp\/v2\/types\/product"}],"version-history":[{"count":3,"href":"https:\/\/micasaeco.es\/index.php?rest_route=\/wp\/v2\/product\/29832\/revisions"}],"predecessor-version":[{"id":29845,"href":"https:\/\/micasaeco.es\/index.php?rest_route=\/wp\/v2\/product\/29832\/revisions\/29845"}],"wp:featuredmedia":[{"embeddable":true,"href":"https:\/\/micasaeco.es\/index.php?rest_route=\/wp\/v2\/media\/29837"}],"wp:attachment":[{"href":"https:\/\/micasaeco.es\/index.php?rest_route=%2Fwp%2Fv2%2Fmedia&parent=29832"}],"wp:term":[{"taxonomy":"product_brand","embeddable":true,"href":"https:\/\/micasaeco.es\/index.php?rest_route=%2Fwp%2Fv2%2Fproduct_brand&post=29832"},{"taxonomy":"product_cat","embeddable":true,"href":"https:\/\/micasaeco.es\/index.php?rest_route=%2Fwp%2Fv2%2Fproduct_cat&post=29832"},{"taxonomy":"product_tag","embeddable":true,"href":"https:\/\/micasaeco.es\/index.php?rest_route=%2Fwp%2Fv2%2Fproduct_tag&post=29832"}],"curies":[{"name":"wp","href":"https:\/\/api.w.org\/{rel}","templated":true}]}}