{"id":24485,"date":"2025-01-03T13:16:17","date_gmt":"2025-01-03T12:16:17","guid":{"rendered":"https:\/\/micasaeco.es\/?post_type=product&#038;p=24485"},"modified":"2026-04-17T14:45:54","modified_gmt":"2026-04-17T13:45:54","slug":"canape-mabel-135-150cm-con-cabezal-capitone","status":"publish","type":"product","link":"https:\/\/micasaeco.es\/?product=canape-mabel-135-150cm-con-cabezal-capitone","title":{"rendered":"Canap\u00e9 MABEL 135cm con cabezal capiton\u00e9"},"content":{"rendered":"<p>Canap\u00e9 deluxe tapizado con cabezal capiton\u00e9 modelo MABEL.<\/p>\n<p>Cabezal de dise\u00f1o capiton\u00e9 y con costuras.<\/p>\n<p>Medidas ancho 135cm x 190cm<\/p>\n<p>Altura del cabezal 140cm. Altura del canap\u00e9 37cm. Fondo interior 21cm.<\/p>\n<p>Doble tapa con 4 pistones y reforzadas con 5 barras longitudinales.<\/p>\n<p>Canap\u00e9s montados. NO es kit. Tiempo estimado de montaje 20 minutos.<\/p>\n<p>Doble tirador con apertura f\u00e1cil sin esfuerzo.<\/p>\n<p>Patas con altura 12 cm.<\/p>\n","protected":false},"excerpt":{"rendered":"<p><span style=\"font-size: 14pt;\">Canap\u00e9 tapizado con cabezal de dise\u00f1o modelo MABEL<\/span><\/p>\n<p><span style=\"font-size: 14pt;\">Disponible en 2 colores.\u00a0 S\u00f3lo 2 unidades en stock<\/span><\/p>\n<p><span style=\"font-size: 18.6667px;\">Medida 135cm x 190cm<\/span><\/p>\n<p><span style=\"font-size: 14pt;\">Canap\u00e9s montados. NO es kit. Tiempo estimado de montaje 20 minutos<\/span><\/p>\n<p><span style=\"font-size: 14pt;\">Apertura f\u00e1cil sin esfuerzo<\/span><\/p>\n","protected":false},"featured_media":29134,"template":"","meta":{"_joinchat":[]},"product_brand":[],"product_cat":[969,726],"product_tag":[941,942],"class_list":{"0":"post-24485","1":"product","2":"type-product","3":"status-publish","4":"has-post-thumbnail","6":"product_cat-canapes-con-cabezal","7":"product_cat-descanso","8":"product_tag-capitone","9":"product_tag-deluxe","11":"first","12":"instock","13":"sale","14":"taxable","15":"shipping-taxable","16":"purchasable","17":"product-type-variable","18":"has-default-attributes"},"_links":{"self":[{"href":"https:\/\/micasaeco.es\/index.php?rest_route=\/wp\/v2\/product\/24485","targetHints":{"allow":["GET"]}}],"collection":[{"href":"https:\/\/micasaeco.es\/index.php?rest_route=\/wp\/v2\/product"}],"about":[{"href":"https:\/\/micasaeco.es\/index.php?rest_route=\/wp\/v2\/types\/product"}],"version-history":[{"count":11,"href":"https:\/\/micasaeco.es\/index.php?rest_route=\/wp\/v2\/product\/24485\/revisions"}],"predecessor-version":[{"id":29135,"href":"https:\/\/micasaeco.es\/index.php?rest_route=\/wp\/v2\/product\/24485\/revisions\/29135"}],"wp:featuredmedia":[{"embeddable":true,"href":"https:\/\/micasaeco.es\/index.php?rest_route=\/wp\/v2\/media\/29134"}],"wp:attachment":[{"href":"https:\/\/micasaeco.es\/index.php?rest_route=%2Fwp%2Fv2%2Fmedia&parent=24485"}],"wp:term":[{"taxonomy":"product_brand","embeddable":true,"href":"https:\/\/micasaeco.es\/index.php?rest_route=%2Fwp%2Fv2%2Fproduct_brand&post=24485"},{"taxonomy":"product_cat","embeddable":true,"href":"https:\/\/micasaeco.es\/index.php?rest_route=%2Fwp%2Fv2%2Fproduct_cat&post=24485"},{"taxonomy":"product_tag","embeddable":true,"href":"https:\/\/micasaeco.es\/index.php?rest_route=%2Fwp%2Fv2%2Fproduct_tag&post=24485"}],"curies":[{"name":"wp","href":"https:\/\/api.w.org\/{rel}","templated":true}]}}