{"id":8660,"date":"2022-06-15T21:47:08","date_gmt":"2022-06-15T21:47:08","guid":{"rendered":"https:\/\/micasaeco.es\/?page_id=8660"},"modified":"2025-01-15T16:15:46","modified_gmt":"2025-01-15T15:15:46","slug":"condiciones-de-compra","status":"publish","type":"page","link":"https:\/\/micasaeco.es\/?page_id=8660","title":{"rendered":"Condiciones de compra"},"content":{"rendered":"\t\t<div data-elementor-type=\"wp-page\" data-elementor-id=\"8660\" class=\"elementor elementor-8660\">\n\t\t\t\t\t\t<section class=\"elementor-section elementor-top-section elementor-element elementor-element-2d110a4 elementor-section-boxed elementor-section-height-default elementor-section-height-default wd-section-disabled\" data-id=\"2d110a4\" data-element_type=\"section\" data-e-type=\"section\">\n\t\t\t\t\t\t<div class=\"elementor-container elementor-column-gap-default\">\n\t\t\t\t\t<div class=\"elementor-column elementor-col-100 elementor-top-column elementor-element elementor-element-f77b047\" data-id=\"f77b047\" data-element_type=\"column\" data-e-type=\"column\">\n\t\t\t<div class=\"elementor-widget-wrap elementor-element-populated\">\n\t\t\t\t\t\t<div class=\"elementor-element elementor-element-6eefc84 elementor-widget elementor-widget-wd_text_block\" data-id=\"6eefc84\" data-element_type=\"widget\" data-e-type=\"widget\" data-widget_type=\"wd_text_block.default\">\n\t\t\t\t<div class=\"elementor-widget-container\">\n\t\t\t\t\t\t\t\t<link rel=\"stylesheet\" id=\"wd-text-block-css\" href=\"https:\/\/micasaeco.es\/wp-content\/themes\/woodmart\/css\/parts\/el-text-block.min.css?ver=6.4.2\" type=\"text\/css\" media=\"all\" \/> \t\t\t\t\t<div class=\"wd-text-block reset-last-child text-left\">\n\t\t\t\n\t\t\t<h3><span class=\"wnd-font-size-120\" style=\"font-size: 18pt;\">Pedidos<strong> realizados en la tienda f\u00edsica de Torrevieja.<\/strong><\/span><\/h3><p><strong><span style=\"font-size: 14pt;\">Para las ventas realizadas en nuestro showroom en Torrevieja, y para una distancia de 15Km a la redonda, todos los precios llevan incluido transporte, subida y montaje; EXCEPTO para los muebles en kit y los canap\u00e9s.<\/span><\/strong><\/p><p>&nbsp;<span style=\"font-size: 14pt;\">Las entregas las realizamos con nuestros propios medios sin intermediaci\u00f3n de agencia.<\/span><\/p><p><span style=\"font-size: 14pt;\">El resto de condiciones ser\u00e1n las mismas que para ventas online.<\/span><\/p><h3><span class=\"wnd-font-size-120\" style=\"font-size: 18pt;\"><strong>\u00bfD\u00f3nde entregamos?<\/strong><\/span><\/h3><p><span style=\"font-size: 14pt;\">Entregamos pedidos a toda Espa\u00f1a, incluidas Canarias, Baleares y las ciudades aut\u00f3nomas de Ceuta y Melilla. Tambi\u00e9n al resto de Europa. Para cualquier consulta, contacte con nosotros.<\/span><\/p><p><span style=\"font-size: 14pt;\">La EMPRESA, por cualquier motivo de fuerza mayor, se reserva el derecho a CANCELAR UN PEDIDO; como por ejemplo debido a roturas de stock, art\u00edculos defectuosos en origen sin posibilidad de reemplazo, env\u00edos a p\u00e9rdidas por cualquier causa, o problemas de log\u00edstica insalvables. <\/span><span style=\"font-size: 14pt; background-color: var(--wd-main-bgcolor); color: var(--wd-text-color);\">En este caso, se proceder\u00e1 a informar al cliente e inmediantamente se devolver\u00e1 el importe abonado.<\/span><\/p><h3><span class=\"wnd-font-size-120\" style=\"font-size: 18pt;\"><strong>Costes de env\u00edo<\/strong><\/span><\/h3><p><span style=\"font-size: 14pt;\">Para Espa\u00f1a peninsular, islas de Palma e Ibiza en Baleares, Portugal continental y Andorra el env\u00edo ser\u00e1 GRATUITO, en modalidad puerta puerta, salvo para los importes menores de 120\u20ac. Para estos, el coste de env\u00edo ser\u00e1 de 15.90\u20ac.<\/span><\/p><h3><strong><span class=\"wnd-font-size-120\" style=\"font-size: 18pt;\">Tiempos de entrega<\/span><\/strong><\/h3><p><span style=\"font-size: 14pt;\"><strong>El 90% de los art\u00edculos, est\u00e1n en stock. Salvo los art\u00edculos de fabricaci\u00f3n propia, como la tapicer\u00eda.<\/strong><\/span><\/p><p><span style=\"font-size: 14pt;\">Para pedidos en nuestra tienda de Torrevieja, los env\u00edos ser\u00e1n de entre 1 y 2 d\u00edas laborales. Los plazos de entrega cuando se haga a trav\u00e9s de una<strong> agencia de transporte<\/strong>, suelen ser de entre 3 y 5 d\u00edas h\u00e1biles para la mayor\u00eda de los pedidos con stock.&nbsp;<\/span><span style=\"font-size: 14pt;\">Una vez entregado en la agencia de transporte, los tiempos de entrega final al comprador, variaran dependiendo de la provincia, ya sea peninsular o insular, y las condiciones de la agencia de transporte que gestiona su pedido, pudiendo ser de hasta 15 d\u00edas. Para cualquier consulta, no dude en contactarnos.<\/span><\/p><h3><span class=\"wnd-font-size-120\" style=\"font-size: 18pt;\"><strong>Puerta a puerta<\/strong><\/span><\/h3><p><span style=\"font-size: 14pt;\">La entrega por defecto para ventas online, se realiza por agencia de transporte en la modalidad puerta a puerta, esto significa que la agencia lo descargar\u00e1 en la puerta del cliente, no se introducir\u00e1 en el interior de la vivienda, excepto cuando se contrate el \"servicio de entrega dentro del domicilio\". Para cualquier consulta, no dude en contactarnos.<\/span><\/p><h3><span class=\"wnd-font-size-120\" style=\"font-size: 18pt;\"><strong>Entrega y subida<\/strong><\/span><\/h3><p><span style=\"font-size: 14pt;\">Para ventas online, existe la posibilidad de entrega y subida para todas las \u00e1reas donde enviamos pedidos. <\/span><span style=\"font-size: 14pt; background-color: var(--wd-main-bgcolor); color: var(--wd-text-color);\">En el art\u00edculo \"servicio de entrega dentro del domicilio\" puede contratar este servicio. Para ventas hechas en nuestras instalaciones de Torrevieja, <strong>NO ES NECESARIO<\/strong> contratar este servicio, pues ya est\u00e1 incluido en el precio.<\/span><\/p><p><span style=\"font-size: 14pt;\">Env\u00edos a edificios sin ascensor, y a partir de la sexta planta (esta planta s\u00ed esta incluida), se cobrar\u00e1 un suplemento de 15\u20ac cada 2 plantas. Para edificios sin ascensor, NO se garantiza que se pueda dar el servicio de entrega y montaje en el 100% de los casos.&nbsp;<\/span><span style=\"font-size: 14pt;\">El cliente debe asegurarse de que el producto ingrese por cualquier pasillo, acceso, puerta, escalera o ascensor de la casa o edificio.<\/span><\/p><p><span style=\"font-size: 14pt;\">En el caso de tener que subir uno o varios art\u00edculos por el exterior de la casa (fachada) con cuerdas, NO garantizamos que se pueda hacer. Para cualquier consulta, no dude en contactarnos.<\/span><\/p><h3><span class=\"wnd-font-size-120\" style=\"font-size: 18pt;\"><strong>Montaje<\/strong><\/span><\/h3><p><span style=\"font-size: 14pt;\"><span style=\"font-size: 14pt; background-color: var(--wd-main-bgcolor); color: var(--wd-text-color);\">Para ventas hechas en nuestras instalaciones de Torrevieja, <strong>NO ES NECESARIO<\/strong> contratar este servicio, pues ya est\u00e1 incluido en el precio.<\/span><\/span><\/p><p><span style=\"font-size: 14pt;\">Para ventas online, y debido a la gran cantidad de referencias en nuestra web, el servicio de montaje se podr\u00e1 ofrecer en algunas ocasiones, y en otras no. El coste de este servicio depender\u00e1 de varias circunstancias, tales como el tipo de mueble, el tipo de entrega, etc...<\/span><\/p><p><span style=\"font-size: 14pt;\">Sin embargo, para tapicer\u00eda, canap\u00e9s y colchones, el servicio de subida, lleva incluido el montaje.<\/span><\/p><p><span style=\"text-decoration: underline; font-size: 14pt;\"><strong>Para ventas online, y para muebles en KIT, el servicio de subida y montaje, TAN SOLO INCLUIRA la subida, NO el montaje.&nbsp;<\/strong><\/span><\/p><p><span style=\"font-size: 14pt;\">Debido a la gran cantidad de referencias, es imposible calcular con tabla fija para el servicio de montaje para los muebles en KIT.<\/span><\/p><p><strong style=\"font-size: 18pt; color: var(--wd-title-color); text-transform: var(--wd-title-transform); background-color: var(--wd-main-bgcolor);\">Env\u00edos a Baleares<\/strong><\/p><p><span style=\"font-size: 14pt;\">El env\u00edo a las Islas Baleares es gratuito SOLO a la isla de Palma. Para Formentera, Ibiza y Menorca consultar el peque\u00f1o incremento que podr\u00eda conllevar.<\/span><\/p><h3><span class=\"wnd-font-size-120\" style=\"font-size: 18pt;\"><strong>Env\u00edos a Canarias, Madeira, Azores, Ceuta o Melilla<\/strong><\/span><\/h3><p><span style=\"font-size: 14pt;\">Es posible enviar pedidos a cualquiera de las \u00e1reas descritas anteriormente. Algunas de estas \u00e1reas llevan despacho de aduana, as\u00ed como un IVA diferente o nulo. El transporte tendr\u00e1 un coste adicional sobre el precio ofertado en la web, aunque en el caso de Canarias, Ceuta o Melilla, se compensa con un impuesto de entrada inferior al IVA peninsular (IGIC en Canarias e IPSI para Ceuta y Melilla). El despacho de aduana y los impuestos locales deben ser pagados por el destinatario de la mercanc\u00eda. Como tenemos diferentes reg\u00edmenes en la pen\u00ednsula, por favor cont\u00e1ctenos para darle un precio final que incluya el transporte hasta destino.<\/span><\/p><p><span style=\"font-size: 14pt;\"><strong>Para Canarias, Madeira, Azores, Ceuta, Melilla, Portugal y Andorra NO TENEMOS SERCIVIO DE SUBIDA Y MONTAJE. Ser\u00e1n entregas puerta a puerta.<\/strong><\/span><\/p><p><span style=\"font-size: 14pt;\">Se aplicar\u00e1 el IVA normal del 21%, excepto para importadores certificados.<\/span><\/p>\n\t\t\t\t\t<\/div>\n\t\t\t\t\t\t<\/div>\n\t\t\t\t<\/div>\n\t\t\t\t\t<\/div>\n\t\t<\/div>\n\t\t\t\t\t<\/div>\n\t\t<\/section>\n\t\t\t\t<\/div>\n\t\t","protected":false},"excerpt":{"rendered":"<p>Pedidos realizados en la tienda f\u00edsica de Torrevieja. Para las ventas realizadas en nuestro showroom en Torrevieja, y para una<\/p>\n","protected":false},"author":3,"featured_media":0,"parent":0,"menu_order":0,"comment_status":"closed","ping_status":"closed","template":"","meta":{"_joinchat":[],"footnotes":""},"class_list":["post-8660","page","type-page","status-publish","hentry"],"_links":{"self":[{"href":"https:\/\/micasaeco.es\/index.php?rest_route=\/wp\/v2\/pages\/8660","targetHints":{"allow":["GET"]}}],"collection":[{"href":"https:\/\/micasaeco.es\/index.php?rest_route=\/wp\/v2\/pages"}],"about":[{"href":"https:\/\/micasaeco.es\/index.php?rest_route=\/wp\/v2\/types\/page"}],"author":[{"embeddable":true,"href":"https:\/\/micasaeco.es\/index.php?rest_route=\/wp\/v2\/users\/3"}],"replies":[{"embeddable":true,"href":"https:\/\/micasaeco.es\/index.php?rest_route=%2Fwp%2Fv2%2Fcomments&post=8660"}],"version-history":[{"count":55,"href":"https:\/\/micasaeco.es\/index.php?rest_route=\/wp\/v2\/pages\/8660\/revisions"}],"predecessor-version":[{"id":28887,"href":"https:\/\/micasaeco.es\/index.php?rest_route=\/wp\/v2\/pages\/8660\/revisions\/28887"}],"wp:attachment":[{"href":"https:\/\/micasaeco.es\/index.php?rest_route=%2Fwp%2Fv2%2Fmedia&parent=8660"}],"curies":[{"name":"wp","href":"https:\/\/api.w.org\/{rel}","templated":true}]}}