{"id":14836,"date":"2022-07-08T18:31:29","date_gmt":"2022-07-08T18:31:29","guid":{"rendered":"https:\/\/micasaeco.es\/?page_id=14836"},"modified":"2022-09-09T11:38:55","modified_gmt":"2022-09-09T10:38:55","slug":"pago-fraccionado","status":"publish","type":"page","link":"https:\/\/micasaeco.es\/?page_id=14836","title":{"rendered":"Pago fraccionado"},"content":{"rendered":"\t\t<div data-elementor-type=\"wp-page\" data-elementor-id=\"14836\" class=\"elementor elementor-14836\">\n\t\t\t\t\t\t<section class=\"elementor-section elementor-top-section elementor-element elementor-element-d2700a0 elementor-section-boxed elementor-section-height-default elementor-section-height-default wd-section-disabled\" data-id=\"d2700a0\" data-element_type=\"section\" data-e-type=\"section\">\n\t\t\t\t\t\t<div class=\"elementor-container elementor-column-gap-default\">\n\t\t\t\t\t<div class=\"elementor-column elementor-col-100 elementor-top-column elementor-element elementor-element-cb795d0\" data-id=\"cb795d0\" data-element_type=\"column\" data-e-type=\"column\">\n\t\t\t<div class=\"elementor-widget-wrap elementor-element-populated\">\n\t\t\t\t\t\t<div class=\"elementor-element elementor-element-2f81094c color-scheme-inherit text-left elementor-widget elementor-widget-text-editor\" data-id=\"2f81094c\" data-element_type=\"widget\" data-e-type=\"widget\" data-widget_type=\"text-editor.default\">\n\t\t\t\t<div class=\"elementor-widget-container\">\n\t\t\t\t\t\t\t\t\t<p><b>El pago a tu medida con SeQura<\/b><\/p>\n<p><span style=\"font-weight: 400;\">Tenemos nuevas formas de pago para que <\/span><b>puedas comprarte lo que quieras<\/b><\/p>\n<p><span style=\"font-size: 14px; background-color: var(--wd-main-bgcolor); color: var(--wd-text-color);\">&nbsp;<\/span><\/p><p><span style=\"font-size: 14px; color: var(--wd-text-color); background-color: var(--wd-main-bgcolor);\">&nbsp;<\/span><span style=\"font-size: 14px; color: var(--wd-text-color); background-color: var(--wd-main-bgcolor);\">D<\/span><b style=\"font-size: 14px; color: var(--wd-text-color); background-color: var(--wd-main-bgcolor);\">ivide tus compras en 3 pagos sin coste o paga en 6\/12\/18 con total flexibilidad.<\/b><\/p>\n<p><span style=\"font-size: 14px; background-color: var(--wd-main-bgcolor); color: var(--wd-text-color);\">Divide el pago de tu pedido en 3 pagos iguales, sin ning\u00fan coste a\u00f1adido. Un pago al mes. Sin m\u00e1s. Al instante y sin papeleo.<\/span><br><\/p>\n<p><span style=\"font-size: 14px; background-color: var(--wd-main-bgcolor); color: var(--wd-text-color);\">Por ejemplo, si eliges pagar un pedido de 100\u20ac en 3 meses, pagar\u00edas 33,33\u20ac en el momento de la compra y otros 33,33\u20ac los dos meses siguientes. El cobro mensual es autom\u00e1tico en tu tarjeta. Siempre el mismo d\u00eda del mes que hiciste la compra. Si ese d\u00eda no es el mejor para ti, podr\u00e1s cambiarlo sin coste extra alguno. Si eliges pagar un pedido de 180\u20ac en 6 meses, pagar\u00edas 33\u20ac al mes (s\u00f3lo 3\u20ac al mes por cuota).<\/span><br><\/p>\n<p><span style=\"font-size: 14px; background-color: var(--wd-main-bgcolor); color: var(--wd-text-color);\">As\u00ed de f\u00e1cil y r\u00e1pido es fraccionar tu pago con SeQura:<\/span><\/p>\n<p>1. Selecciona Paga Fraccionado como forma de pago al finalizar tu compra.<\/p>\n<p>2. Introduce tus datos (DNI y m\u00f3vil), elige tu plan de pago y abona la primera mensualidad.<\/p>\n<p>3. \u00a1 A disfrutar de tu compra ! El resto de pagos se har\u00e1n autom\u00e1ticamente cada mes.<\/p>\n<p><\/p>\n<p>Si tienes dudas, resu\u00e9lvelas&nbsp;<a href=\"https:\/\/www.sequra.com\/es\/faq\" target=\"_blank\">aqu\u00ed<\/a>.<\/p>\t\t\t\t\t\t\t\t<\/div>\n\t\t\t\t<\/div>\n\t\t\t\t\t<\/div>\n\t\t<\/div>\n\t\t\t\t\t<\/div>\n\t\t<\/section>\n\t\t\t\t<\/div>\n\t\t","protected":false},"excerpt":{"rendered":"<p>El pago a tu medida con SeQura Tenemos nuevas formas de pago para que puedas comprarte lo que quieras &nbsp;<\/p>\n","protected":false},"author":3,"featured_media":0,"parent":0,"menu_order":0,"comment_status":"closed","ping_status":"closed","template":"","meta":{"_joinchat":[],"footnotes":""},"class_list":["post-14836","page","type-page","status-publish","hentry"],"_links":{"self":[{"href":"https:\/\/micasaeco.es\/index.php?rest_route=\/wp\/v2\/pages\/14836","targetHints":{"allow":["GET"]}}],"collection":[{"href":"https:\/\/micasaeco.es\/index.php?rest_route=\/wp\/v2\/pages"}],"about":[{"href":"https:\/\/micasaeco.es\/index.php?rest_route=\/wp\/v2\/types\/page"}],"author":[{"embeddable":true,"href":"https:\/\/micasaeco.es\/index.php?rest_route=\/wp\/v2\/users\/3"}],"replies":[{"embeddable":true,"href":"https:\/\/micasaeco.es\/index.php?rest_route=%2Fwp%2Fv2%2Fcomments&post=14836"}],"version-history":[{"count":8,"href":"https:\/\/micasaeco.es\/index.php?rest_route=\/wp\/v2\/pages\/14836\/revisions"}],"predecessor-version":[{"id":22739,"href":"https:\/\/micasaeco.es\/index.php?rest_route=\/wp\/v2\/pages\/14836\/revisions\/22739"}],"wp:attachment":[{"href":"https:\/\/micasaeco.es\/index.php?rest_route=%2Fwp%2Fv2%2Fmedia&parent=14836"}],"curies":[{"name":"wp","href":"https:\/\/api.w.org\/{rel}","templated":true}]}}